{"id":34,"date":"2024-03-17T15:33:35","date_gmt":"2024-03-17T15:33:35","guid":{"rendered":"https:\/\/www.magnoli.sk\/?page_id=34"},"modified":"2024-03-17T15:33:35","modified_gmt":"2024-03-17T15:33:35","slug":"o-nas","status":"publish","type":"page","link":"https:\/\/www.magnoli.sk\/index.php\/o-nas\/","title":{"rendered":"O N\u00e1s"},"content":{"rendered":"<p>[et_pb_section fb_built=&#8220;1&#8243; custom_padding_last_edited=&#8220;on|desktop&#8220; _builder_version=&#8220;4.16&#8243; _module_preset=&#8220;default&#8220; custom_padding=&#8220;0px||0px||true|false&#8220; custom_padding_tablet=&#8220;&#8220; custom_padding_phone=&#8220;&#8220; locked=&#8220;off&#8220; global_colors_info=&#8220;{}&#8220; theme_builder_area=&#8220;post_content&#8220;][et_pb_row column_structure=&#8220;3_5,2_5&#8243; use_custom_gutter=&#8220;on&#8220; gutter_width=&#8220;1&#8243; make_equal=&#8220;on&#8220; _builder_version=&#8220;4.16&#8243; _module_preset=&#8220;default&#8220; width=&#8220;100%&#8220; max_width=&#8220;none&#8220; custom_padding=&#8220;0px||0px||false|false&#8220; custom_css_main_element=&#8220;align-items:center&#8220; global_colors_info=&#8220;{}&#8220; theme_builder_area=&#8220;post_content&#8220;][et_pb_column type=&#8220;3_5&#8243; _builder_version=&#8220;4.16&#8243; _module_preset=&#8220;default&#8220; z_index=&#8220;10&#8243; custom_padding=&#8220;|||8vw|true|false&#8220; custom_padding_tablet=&#8220;6vh||6vh|6vw|true|false&#8220; custom_padding_phone=&#8220;5vh|20px|5vh|20px|true|true&#8220; custom_padding_last_edited=&#8220;on|phone&#8220; global_colors_info=&#8220;{}&#8220; theme_builder_area=&#8220;post_content&#8220;][et_pb_text module_class=&#8220;hero_titles&#8220; _builder_version=&#8220;4.19.4&#8243; _module_preset=&#8220;default&#8220; header_font=&#8220;|600||on|||||&#8220; header_text_color=&#8220;#000000&#8243; header_font_size=&#8220;7vw&#8220; header_line_height=&#8220;1.1em&#8220; header_3_font=&#8220;|600|||||||&#8220; header_3_text_color=&#8220;#efac62&#8243; header_3_font_size=&#8220;6vw&#8220; header_font_size_tablet=&#8220;152px&#8220; header_font_size_phone=&#8220;50px&#8220; header_font_size_last_edited=&#8220;on|tablet&#8220; header_3_font_size_tablet=&#8220;90px&#8220; header_3_font_size_phone=&#8220;50px&#8220; header_3_font_size_last_edited=&#8220;on|tablet&#8220; header_text_shadow_style=&#8220;preset2&#8243; header_3_text_shadow_style=&#8220;preset2&#8243; global_colors_info=&#8220;{}&#8220; theme_builder_area=&#8220;post_content&#8220;]<\/p>\n<h3>Trochu viac<\/h3>\n<h1>o n\u00e1s<\/h1>\n<p>[\/et_pb_text][\/et_pb_column][et_pb_column type=&#8220;2_5&#8243; _builder_version=&#8220;4.16&#8243; _module_preset=&#8220;default&#8220; global_colors_info=&#8220;{}&#8220; theme_builder_area=&#8220;post_content&#8220;][et_pb_image src=&#8220;https:\/\/www.magnoli.sk\/wp-content\/uploads\/2024\/03\/magnoli-pizza-front-2500&#215;1667-2000-\u00d7-875-px-2.jpg&#8220; title_text=&#8220;magnoli pizza front 2500&#215;1667 (2000 \u00d7 875 px)-2&#8243; _builder_version=&#8220;4.19.4&#8243; _module_preset=&#8220;default&#8220; custom_margin=&#8220;|||-30vw|false|false&#8220; custom_margin_tablet=&#8220;|||0vw|false|false&#8220; custom_margin_phone=&#8220;&#8220; custom_margin_last_edited=&#8220;on|phone&#8220; global_colors_info=&#8220;{}&#8220; theme_builder_area=&#8220;post_content&#8220;][\/et_pb_image][\/et_pb_column][\/et_pb_row][\/et_pb_section][et_pb_section fb_built=&#8220;1&#8243; custom_padding_last_edited=&#8220;on|desktop&#8220; _builder_version=&#8220;4.19.4&#8243; _module_preset=&#8220;default&#8220; custom_padding=&#8220;90px||30px||false|false&#8220; custom_padding_tablet=&#8220;70px||70px||true|false&#8220; custom_padding_phone=&#8220;50px||0px||false|false&#8220; locked=&#8220;off&#8220; global_colors_info=&#8220;{}&#8220; theme_builder_area=&#8220;post_content&#8220;][et_pb_row column_structure=&#8220;3_5,2_5&#8243; use_custom_gutter=&#8220;on&#8220; gutter_width=&#8220;4&#8243; make_equal=&#8220;on&#8220; _builder_version=&#8220;4.19.4&#8243; _module_preset=&#8220;default&#8220; max_width=&#8220;1640px&#8220; custom_css_main_element=&#8220;align-items:center;&#8220; global_colors_info=&#8220;{}&#8220; theme_builder_area=&#8220;post_content&#8220;][et_pb_column type=&#8220;3_5&#8243; _builder_version=&#8220;4.19.4&#8243; _module_preset=&#8220;default&#8220; box_shadow_style=&#8220;preset4&#8243; box_shadow_horizontal=&#8220;-90px&#8220; box_shadow_vertical=&#8220;-90px&#8220; box_shadow_spread=&#8220;-60px&#8220; box_shadow_color=&#8220;#50312c&#8220; box_shadow_horizontal_tablet=&#8220;-80px&#8220; box_shadow_horizontal_phone=&#8220;-75px&#8220; box_shadow_horizontal_last_edited=&#8220;on|phone&#8220; box_shadow_vertical_tablet=&#8220;-80px&#8220; box_shadow_vertical_phone=&#8220;-75px&#8220; box_shadow_vertical_last_edited=&#8220;on|phone&#8220; global_colors_info=&#8220;{}&#8220; theme_builder_area=&#8220;post_content&#8220;][et_pb_code _builder_version=&#8220;4.19.4&#8243; _module_preset=&#8220;default&#8220; global_colors_info=&#8220;{}&#8220; theme_builder_area=&#8220;post_content&#8220;]<\/p>\n<div style=\"padding: 56.25% 0 0 0; position: relative\">\n<div style=\"height:100%;left:0;position:absolute;top:0;width:100%\"><iframe loading=\"lazy\" height=\"100%\" width=\"100%;\" src=\"https:\/\/embed.wave.video\/w4swMscmTH1Vnsal\" frameborder=\"0\" allow=\"autoplay; fullscreen\" scrolling=\"no\"><\/iframe><\/div>\n<\/div>\n<p>[\/et_pb_code][et_pb_image src=&#8220;https:\/\/www.magnoli.sk\/wp-content\/uploads\/2024\/03\/points.png&#8220; title_text=&#8220;points&#8220; align=&#8220;right&#8220; _builder_version=&#8220;4.19.4&#8243; _module_preset=&#8220;default&#8220; positioning=&#8220;absolute&#8220; position_origin_a=&#8220;bottom_right&#8220; vertical_offset=&#8220;-4%&#8220; horizontal_offset=&#8220;-13%&#8220; vertical_offset_tablet=&#8220;-6%&#8220; vertical_offset_phone=&#8220;&#8220; vertical_offset_last_edited=&#8220;on|tablet&#8220; horizontal_offset_tablet=&#8220;-10%&#8220; horizontal_offset_phone=&#8220;&#8220; horizontal_offset_last_edited=&#8220;on|phone&#8220; width_tablet=&#8220;15vw&#8220; width_last_edited=&#8220;off|desktop&#8220; max_width=&#8220;10vw&#8220; max_width_tablet=&#8220;160px&#8220; max_width_phone=&#8220;100px&#8220; max_width_last_edited=&#8220;on|phone&#8220; mix_blend_mode=&#8220;screen&#8220; global_colors_info=&#8220;{}&#8220; theme_builder_area=&#8220;post_content&#8220;][\/et_pb_image][\/et_pb_column][et_pb_column type=&#8220;2_5&#8243; _builder_version=&#8220;4.16&#8243; _module_preset=&#8220;default&#8220; global_colors_info=&#8220;{}&#8220; theme_builder_area=&#8220;post_content&#8220;][et_pb_text _builder_version=&#8220;4.16&#8243; _module_preset=&#8220;default&#8220; text_font=&#8220;|||on|||||&#8220; text_text_color=&#8220;#efac62&#8243; text_letter_spacing=&#8220;0.28em&#8220; header_3_font=&#8220;|700|||||||&#8220; header_3_font_size=&#8220;80px&#8220; custom_margin=&#8220;||0px||false|false&#8220; global_colors_info=&#8220;{}&#8220; theme_builder_area=&#8220;post_content&#8220;]<\/p>\n<p>o n\u00e1s<\/p>\n<p>[\/et_pb_text][et_pb_text _builder_version=&#8220;4.19.4&#8243; _module_preset=&#8220;default&#8220; text_font=&#8220;||||||||&#8220; header_3_font=&#8220;|700|||||||&#8220; header_3_text_color=&#8220;#50312c&#8220; header_3_font_size=&#8220;4vw&#8220; header_3_line_height=&#8220;1.1em&#8220; custom_margin=&#8220;||15px||false|false&#8220; header_3_font_size_tablet=&#8220;68px&#8220; header_3_font_size_phone=&#8220;45px&#8220; header_3_font_size_last_edited=&#8220;on|phone&#8220; global_colors_info=&#8220;{}&#8220; theme_builder_area=&#8220;post_content&#8220;]<\/p>\n<h3>Milujeme v\u0161etk\u00fdch host\u00ed<\/h3>\n<p>[\/et_pb_text][et_pb_text _builder_version=&#8220;4.16&#8243; _module_preset=&#8220;default&#8220; text_font_size=&#8220;18px&#8220; custom_margin=&#8220;||25px||false|false&#8220; global_colors_info=&#8220;{}&#8220; theme_builder_area=&#8220;post_content&#8220;]<\/p>\n<p><span>Prostredie u n\u00e1s d\u00fdcha tepl\u00fdm a \u00fatuln\u00fdm domovom, kde na v\u00e1s v\u017edy \u010dakaj\u00fa priatelia, ktor\u00ed maj\u00fa radi svoju pr\u00e1cu a maj\u00fa skuto\u010dn\u00fa rados\u0165 z va\u0161ej n\u00e1v\u0161tevy. My naozaj milujeme na\u0161ich host\u00ed&#8230;a ver\u00edme \u017ee aj hostia miluj\u00fa n\u00e1s.<\/span><\/p>\n<p>[\/et_pb_text][\/et_pb_column][\/et_pb_row][\/et_pb_section][et_pb_section fb_built=&#8220;1&#8243; _builder_version=&#8220;4.16&#8243; _module_preset=&#8220;default&#8220; custom_padding=&#8220;||0px||false|false&#8220; global_colors_info=&#8220;{}&#8220; theme_builder_area=&#8220;post_content&#8220;][et_pb_row _builder_version=&#8220;4.19.4&#8243; _module_preset=&#8220;default&#8220; width=&#8220;85%&#8220; max_width=&#8220;1640px&#8220; custom_margin=&#8220;-30px||60px||false|false&#8220; custom_margin_tablet=&#8220;-30px||60px||false|false&#8220; custom_margin_phone=&#8220;-100px||60px||false|false&#8220; custom_margin_last_edited=&#8220;on|phone&#8220; custom_padding=&#8220;||0px|||&#8220; global_colors_info=&#8220;{}&#8220; theme_builder_area=&#8220;post_content&#8220;][et_pb_column type=&#8220;4_4&#8243; _builder_version=&#8220;4.16&#8243; _module_preset=&#8220;default&#8220; global_colors_info=&#8220;{}&#8220; theme_builder_area=&#8220;post_content&#8220;][et_pb_text content_tablet=&#8220;<\/p>\n<p style=%22text-align: center;%22><span>Sme spojen\u00edm tradi\u010dnej slovenskej kuchyne a kuchyne ktor\u00e1 obohatila svet o mno\u017estvo kulin\u00e1rskych z\u00e1\u017eitkov-Taliansko.<br \/>Z ka\u017ed\u00e9ho sa v\u00e1m sna\u017e\u00edme prinies\u0165 to, o \u010dom <strong>sme presved\u010den\u00ed \u017ee v\u00e1m bude chuti\u0165<\/strong> a aj v\u00e1s pote\u0161\u00ed.<\/span><\/p>\n<p>&#8220; content_phone=&#8220;<\/p>\n<p style=%22text-align: left;%22><span>Sme spojen\u00edm tradi\u010dnej slovenskej kuchyne a kuchyne ktor\u00e1 obohatila svet o mno\u017estvo kulin\u00e1rskych z\u00e1\u017eitkov-Taliansko.<br \/>Z ka\u017ed\u00e9ho sa v\u00e1m sna\u017e\u00edme prinies\u0165 to, o \u010dom <strong>sme presved\u010den\u00ed \u017ee v\u00e1m bude chuti\u0165<\/strong> a aj v\u00e1s pote\u0161\u00ed.<\/span><\/p>\n<p>&#8220; content_last_edited=&#8220;on|phone&#8220; _builder_version=&#8220;4.19.4&#8243; _module_preset=&#8220;default&#8220; text_font_size=&#8220;18px&#8220; width_tablet=&#8220;&#8220; width_phone=&#8220;95%&#8220; width_last_edited=&#8220;on|phone&#8220; custom_margin=&#8220;||25px||false|false&#8220; module_alignment_tablet=&#8220;&#8220; module_alignment_phone=&#8220;center&#8220; module_alignment_last_edited=&#8220;on|phone&#8220; global_colors_info=&#8220;{}&#8220; theme_builder_area=&#8220;post_content&#8220;]<\/p>\n<p style=\"text-align: center;\"><span>Sme spojen\u00edm tradi\u010dnej slovenskej kuchyne a kuchyne ktor\u00e1 obohatila svet o mno\u017estvo kulin\u00e1rskych z\u00e1\u017eitkov-Taliansko.<br \/>Z ka\u017ed\u00e9ho sa v\u00e1m sna\u017e\u00edme prinies\u0165 to, o \u010dom <strong>sme presved\u010den\u00ed \u017ee v\u00e1m bude chuti\u0165<\/strong> a aj v\u00e1s pote\u0161\u00ed.<\/span><\/p>\n<p>[\/et_pb_text][\/et_pb_column][\/et_pb_row][\/et_pb_section][et_pb_section fb_built=&#8220;1&#8243; custom_padding_last_edited=&#8220;on|phone&#8220; _builder_version=&#8220;4.16&#8243; _module_preset=&#8220;default&#8220; custom_padding=&#8220;0px||130px||false|false&#8220; custom_padding_tablet=&#8220;||80px||false|false&#8220; custom_padding_phone=&#8220;||60px||false|false&#8220; locked=&#8220;off&#8220; global_colors_info=&#8220;{}&#8220; theme_builder_area=&#8220;post_content&#8220;][et_pb_row column_structure=&#8220;1_2,1_2&#8243; use_custom_gutter=&#8220;on&#8220; gutter_width=&#8220;4&#8243; make_equal=&#8220;on&#8220; _builder_version=&#8220;4.19.4&#8243; _module_preset=&#8220;default&#8220; width=&#8220;85%&#8220; max_width=&#8220;1640px&#8220; custom_css_main_element=&#8220;align-items:center;&#8220; global_colors_info=&#8220;{}&#8220; theme_builder_area=&#8220;post_content&#8220;][et_pb_column type=&#8220;1_2&#8243; _builder_version=&#8220;4.16&#8243; _module_preset=&#8220;default&#8220; custom_padding_tablet=&#8220;||60px||false|false&#8220; custom_padding_phone=&#8220;&#8220; custom_padding_last_edited=&#8220;on|phone&#8220; global_colors_info=&#8220;{}&#8220; theme_builder_area=&#8220;post_content&#8220;][et_pb_text _builder_version=&#8220;4.16&#8243; _module_preset=&#8220;default&#8220; text_font=&#8220;|||on|||||&#8220; text_text_color=&#8220;#efac62&#8243; text_letter_spacing=&#8220;0.28em&#8220; header_3_font=&#8220;|700|||||||&#8220; header_3_font_size=&#8220;80px&#8220; custom_margin=&#8220;||0px||false|false&#8220; global_colors_info=&#8220;{}&#8220; theme_builder_area=&#8220;post_content&#8220;]<\/p>\n<p>na\u0161e recepty<\/p>\n<p>[\/et_pb_text][et_pb_text _builder_version=&#8220;4.19.4&#8243; _module_preset=&#8220;default&#8220; text_font=&#8220;||||||||&#8220; header_3_font=&#8220;|700|||||||&#8220; header_3_text_color=&#8220;#50312c&#8220; header_3_font_size=&#8220;4vw&#8220; header_3_line_height=&#8220;1.1em&#8220; custom_margin=&#8220;||15px||false|false&#8220; header_3_font_size_tablet=&#8220;68px&#8220; header_3_font_size_phone=&#8220;45px&#8220; header_3_font_size_last_edited=&#8220;on|phone&#8220; global_colors_info=&#8220;{}&#8220; theme_builder_area=&#8220;post_content&#8220;]<\/p>\n<h3>Origin\u00e1lna recept\u00fara<\/h3>\n<p>[\/et_pb_text][et_pb_text _builder_version=&#8220;4.19.4&#8243; _module_preset=&#8220;default&#8220; text_font_size=&#8220;18px&#8220; custom_margin=&#8220;||25px||false|false&#8220; global_colors_info=&#8220;{}&#8220; theme_builder_area=&#8220;post_content&#8220;]<\/p>\n<div>\n<p>Mnoho z na\u0161ich receptov poch\u00e1dza priamo z na\u0161ich zo\u0161\u00edtkov a ktor\u00e9 <strong>na\u0161e rodiny miluj\u00fa u\u017e ve\u013ea rokov<\/strong>. M\u00f4\u017eete si u n\u00e1s vybera\u0165 spomedzi m\u00e4sit\u00fdch a bezm\u00e4sit\u00fdch jed\u00e1l slovenskej kuchyne, talianskych cestov\u00edn, fantastickej pizze pe\u010denej v jedine\u010dnej peci v akej pe\u010die aj svetozn\u00e1my kuch\u00e1r bez \u010dapice <strong>Jamie Oliver<\/strong>.<\/p>\n<p>Mysl\u00edme aj na t\u00fdch, ktor\u00ed miluj\u00fa \u010derstv\u00e9 zeleninov\u00e9 \u0161al\u00e1ty a \u013eahk\u00e9 jedl\u00e1, ale aj na milovn\u00edkov sladkost\u00ed <strong>bez margar\u00ednu a konzerva\u010dn\u00fdch l\u00e1tok<\/strong>.<\/p>\n<p>\u00daplnou novinkou v celom meste je na\u0161a XXL Dom\u00e1ca kuchy\u0148a, do ktorej sme zaradili <strong>najob\u013e\u00fabenej\u0161ie \u0161peciality dom\u00e1cej slovenskej kuchyne<\/strong> v obrovsk\u00fdch porciach, ktor\u00e9 nikde inde nen\u00e1jdete a ktor\u00e9 pote\u0161ia niele naozaj hladn\u00fdch ale aj poriadnych jed\u00e1kov nielen mno\u017estvom ale aj cenou. Mysliac v prvom rade na v\u00e1s, va\u0161e pohodlie a spokojnos\u0165 sme starostlivo vybrali v\u00edna hlavne na\u0161ich vin\u00e1rov, ale aj v\u00edna zo sveta o ktor\u00fdch si mysl\u00edme \u017ee by v \u017eiadnej vinot\u00e9ke nemali ch\u00fdba\u0165. <strong>Nech\u00fdba<\/strong> v\u0161ak u n\u00e1s ani <strong>pivo<\/strong> a milovan\u00e1 <strong>\u010dapovan\u00e1 Kofola<\/strong>.<\/p>\n<p><strong>Nav\u0161t\u00edvte n\u00e1s, te\u0161\u00edme sa na V\u00e1s.<\/strong><\/p>\n<\/div>\n<p>[\/et_pb_text][\/et_pb_column][et_pb_column type=&#8220;1_2&#8243; _builder_version=&#8220;4.19.4&#8243; _module_preset=&#8220;default&#8220; background_enable_image=&#8220;off&#8220; background_size=&#8220;initial&#8220; background_position=&#8220;top_right&#8220; box_shadow_style=&#8220;preset4&#8243; box_shadow_horizontal=&#8220;90px&#8220; box_shadow_vertical=&#8220;-90px&#8220; box_shadow_spread=&#8220;-60px&#8220; box_shadow_color=&#8220;#50312c&#8220; box_shadow_horizontal_tablet=&#8220;80px&#8220; box_shadow_horizontal_phone=&#8220;75px&#8220; box_shadow_horizontal_last_edited=&#8220;on|tablet&#8220; box_shadow_vertical_tablet=&#8220;-80px&#8220; box_shadow_vertical_phone=&#8220;-75px&#8220; box_shadow_vertical_last_edited=&#8220;on|desktop&#8220; global_colors_info=&#8220;{}&#8220; theme_builder_area=&#8220;post_content&#8220;][et_pb_image src=&#8220;https:\/\/www.magnoli.sk\/wp-content\/uploads\/2024\/03\/magnloi-o-nas-kratky-pic-2.jpg&#8220; title_text=&#8220;magnloi o nas kratky pic-2&#8243; align=&#8220;right&#8220; _builder_version=&#8220;4.19.4&#8243; _module_preset=&#8220;default&#8220; global_colors_info=&#8220;{}&#8220; theme_builder_area=&#8220;post_content&#8220;][\/et_pb_image][et_pb_image src=&#8220;https:\/\/www.magnoli.sk\/wp-content\/uploads\/2024\/03\/points.png&#8220; title_text=&#8220;points&#8220; _builder_version=&#8220;4.16&#8243; _module_preset=&#8220;default&#8220; positioning=&#8220;absolute&#8220; position_origin_a=&#8220;bottom_left&#8220; vertical_offset=&#8220;-4%&#8220; horizontal_offset=&#8220;-14%&#8220; vertical_offset_tablet=&#8220;-6%&#8220; vertical_offset_phone=&#8220;-5%&#8220; vertical_offset_last_edited=&#8220;on|tablet&#8220; horizontal_offset_tablet=&#8220;-6%&#8220; horizontal_offset_phone=&#8220;-8%&#8220; horizontal_offset_last_edited=&#8220;on|phone&#8220; max_width=&#8220;10vw&#8220; max_width_tablet=&#8220;160px&#8220; max_width_phone=&#8220;100px&#8220; max_width_last_edited=&#8220;on|phone&#8220; global_colors_info=&#8220;{}&#8220; theme_builder_area=&#8220;post_content&#8220;][\/et_pb_image][\/et_pb_column][\/et_pb_row][\/et_pb_section]<\/p>\n","protected":false},"excerpt":{"rendered":"<p>Trochu viac o n\u00e1so n\u00e1sMilujeme v\u0161etk\u00fdch host\u00edProstredie u n\u00e1s d\u00fdcha tepl\u00fdm a \u00fatuln\u00fdm domovom, kde na v\u00e1s v\u017edy \u010dakaj\u00fa priatelia, ktor\u00ed maj\u00fa radi svoju pr\u00e1cu a maj\u00fa skuto\u010dn\u00fa rados\u0165 z va\u0161ej n\u00e1v\u0161tevy. My naozaj milujeme na\u0161ich host\u00ed&#8230;a ver\u00edme \u017ee aj hostia miluj\u00fa n\u00e1s.Sme spojen\u00edm tradi\u010dnej slovenskej kuchyne a kuchyne ktor\u00e1 obohatila svet o mno\u017estvo kulin\u00e1rskych [&hellip;]<\/p>\n","protected":false},"author":1,"featured_media":0,"parent":0,"menu_order":0,"comment_status":"closed","ping_status":"closed","template":"","meta":{"_et_pb_use_builder":"on","_et_pb_old_content":"","_et_gb_content_width":"","footnotes":""},"class_list":["post-34","page","type-page","status-publish","hentry"],"_links":{"self":[{"href":"https:\/\/www.magnoli.sk\/index.php\/wp-json\/wp\/v2\/pages\/34","targetHints":{"allow":["GET"]}}],"collection":[{"href":"https:\/\/www.magnoli.sk\/index.php\/wp-json\/wp\/v2\/pages"}],"about":[{"href":"https:\/\/www.magnoli.sk\/index.php\/wp-json\/wp\/v2\/types\/page"}],"author":[{"embeddable":true,"href":"https:\/\/www.magnoli.sk\/index.php\/wp-json\/wp\/v2\/users\/1"}],"replies":[{"embeddable":true,"href":"https:\/\/www.magnoli.sk\/index.php\/wp-json\/wp\/v2\/comments?post=34"}],"version-history":[{"count":2,"href":"https:\/\/www.magnoli.sk\/index.php\/wp-json\/wp\/v2\/pages\/34\/revisions"}],"predecessor-version":[{"id":38,"href":"https:\/\/www.magnoli.sk\/index.php\/wp-json\/wp\/v2\/pages\/34\/revisions\/38"}],"wp:attachment":[{"href":"https:\/\/www.magnoli.sk\/index.php\/wp-json\/wp\/v2\/media?parent=34"}],"curies":[{"name":"wp","href":"https:\/\/api.w.org\/{rel}","templated":true}]}}